{"id":28,"date":"2016-12-14T11:11:32","date_gmt":"2016-12-14T11:11:32","guid":{"rendered":"http:\/\/themes.uxbarn.com\/wp\/finnik-dummy\/?page_id=28"},"modified":"2021-07-26T10:13:23","modified_gmt":"2021-07-26T08:13:23","slug":"home-fotograf-detske-fotenie-novorodenecke-fotenie-detsky-foto-modeling-rodinne-fotenie-rodinny-fotograf","status":"publish","type":"page","link":"https:\/\/artbono.com\/","title":{"rendered":"Domov"},"content":{"rendered":"","protected":false},"excerpt":{"rendered":"","protected":false},"author":1,"featured_media":0,"parent":0,"menu_order":0,"comment_status":"closed","ping_status":"closed","template":"template-portfolio-listing.php","meta":{"_monsterinsights_skip_tracking":false,"_monsterinsights_sitenote_active":false,"_monsterinsights_sitenote_note":"","_monsterinsights_sitenote_category":0},"yoast_head":"<!-- This site is optimized with the Yoast SEO plugin v16.2 - https:\/\/yoast.com\/wordpress\/plugins\/seo\/ -->\n<title>Domov - Bono<\/title>\n<meta name=\"description\" content=\"Fotograf Trnava-fotenie rod\u00edn-det\u00ed-svadieb-nehnute\u013enost\u00ed -rodinn\u00e9-fotenie-rodinn\u00fd fotograf-viano\u010dn\u00e9-fotenie\" \/>\n<meta name=\"robots\" content=\"index, follow, max-snippet:-1, max-image-preview:large, max-video-preview:-1\" \/>\n<link rel=\"canonical\" href=\"https:\/\/artbono.com\/\" \/>\n<meta property=\"og:locale\" content=\"sk_SK\" \/>\n<meta property=\"og:type\" content=\"article\" \/>\n<meta property=\"og:title\" content=\"Domov - Bono\" \/>\n<meta property=\"og:description\" content=\"Fotograf Trnava-fotenie rod\u00edn-det\u00ed-svadieb-nehnute\u013enost\u00ed -rodinn\u00e9-fotenie-rodinn\u00fd fotograf-viano\u010dn\u00e9-fotenie\" \/>\n<meta property=\"og:url\" content=\"https:\/\/artbono.com\/\" \/>\n<meta property=\"og:site_name\" content=\"Bono\" \/>\n<meta property=\"article:modified_time\" content=\"2021-07-26T08:13:23+00:00\" \/>\n<meta name=\"twitter:card\" content=\"summary_large_image\" \/>\n<script type=\"application\/ld+json\" class=\"yoast-schema-graph\">{\"@context\":\"https:\/\/schema.org\",\"@graph\":[{\"@type\":\"WebSite\",\"@id\":\"https:\/\/artbono.com\/#website\",\"url\":\"https:\/\/artbono.com\/\",\"name\":\"Bono\",\"description\":\"Fotograf, fotografovanie\",\"potentialAction\":[{\"@type\":\"SearchAction\",\"target\":\"https:\/\/artbono.com\/?s={search_term_string}\",\"query-input\":\"required name=search_term_string\"}],\"inLanguage\":\"sk-SK\"},{\"@type\":\"WebPage\",\"@id\":\"https:\/\/artbono.com\/#webpage\",\"url\":\"https:\/\/artbono.com\/\",\"name\":\"Domov - Bono\",\"isPartOf\":{\"@id\":\"https:\/\/artbono.com\/#website\"},\"datePublished\":\"2016-12-14T11:11:32+00:00\",\"dateModified\":\"2021-07-26T08:13:23+00:00\",\"description\":\"Fotograf Trnava-fotenie rod\\u00edn-det\\u00ed-svadieb-nehnute\\u013enost\\u00ed -rodinn\\u00e9-fotenie-rodinn\\u00fd fotograf-viano\\u010dn\\u00e9-fotenie\",\"breadcrumb\":{\"@id\":\"https:\/\/artbono.com\/#breadcrumb\"},\"inLanguage\":\"sk-SK\",\"potentialAction\":[{\"@type\":\"ReadAction\",\"target\":[\"https:\/\/artbono.com\/\"]}]},{\"@type\":\"BreadcrumbList\",\"@id\":\"https:\/\/artbono.com\/#breadcrumb\",\"itemListElement\":[{\"@type\":\"ListItem\",\"position\":1,\"item\":{\"@type\":\"WebPage\",\"@id\":\"https:\/\/artbono.com\/\",\"url\":\"https:\/\/artbono.com\/\",\"name\":\"Home\"}},{\"@type\":\"ListItem\",\"position\":2,\"item\":{\"@id\":\"https:\/\/artbono.com\/#webpage\"}}]}]}<\/script>\n<!-- \/ Yoast SEO plugin. -->","_links":{"self":[{"href":"https:\/\/artbono.com\/index.php?rest_route=\/wp\/v2\/pages\/28"}],"collection":[{"href":"https:\/\/artbono.com\/index.php?rest_route=\/wp\/v2\/pages"}],"about":[{"href":"https:\/\/artbono.com\/index.php?rest_route=\/wp\/v2\/types\/page"}],"author":[{"embeddable":true,"href":"https:\/\/artbono.com\/index.php?rest_route=\/wp\/v2\/users\/1"}],"replies":[{"embeddable":true,"href":"https:\/\/artbono.com\/index.php?rest_route=%2Fwp%2Fv2%2Fcomments&post=28"}],"version-history":[{"count":1,"href":"https:\/\/artbono.com\/index.php?rest_route=\/wp\/v2\/pages\/28\/revisions"}],"predecessor-version":[{"id":106,"href":"https:\/\/artbono.com\/index.php?rest_route=\/wp\/v2\/pages\/28\/revisions\/106"}],"wp:attachment":[{"href":"https:\/\/artbono.com\/index.php?rest_route=%2Fwp%2Fv2%2Fmedia&parent=28"}],"curies":[{"name":"wp","href":"https:\/\/api.w.org\/{rel}","templated":true}]}}